{"id":114,"date":"2017-01-27T04:56:21","date_gmt":"2017-01-27T04:56:21","guid":{"rendered":"http:\/\/themewisdom.com\/demo\/wpm\/maxrestaurant\/?page_id=114"},"modified":"2018-11-30T17:10:57","modified_gmt":"2018-11-30T15:10:57","slug":"despre-noi","status":"publish","type":"page","link":"https:\/\/restaurantebalti.md\/moldova\/despre-noi\/","title":{"rendered":"Despre noi"},"content":{"rendered":"<div id=\"Despre noi\" class=\"vc_row wpb_row vc_row-fluid Despre noi\"><div class=\"wpb_column vc_column_container vc_col-sm-12\"><div class=\"vc_column-inner \"><div class=\"wpb_wrapper\">\n\t<div class=\"wpb_text_column wpb_content_element  vc_custom_1543582912969\" >\n\t\t<div class=\"wpb_wrapper\">\n\t\t\t<div class=\"section-header section-header2\">\n<h4 style=\"text-align: center;\"><\/h4>\n<\/div>\n<p><strong>Restaurantul<\/strong>\u00a0<strong>\u201eMoldova\u201d<\/strong>\u00a0este un local tradi\u021bional moldovenesc specializat \u00een organizarea nun\u021bilor \u0219i a evenimentelor. Ofer\u0103 servicii calitative, la cele mai \u00eenalte standarde.<\/p>\n<p>Deviza noastr\u0103 este:\u00a0<em>\u201eElegan\u021b\u0103 \u0219i mult\u0103 d\u0103ruire \u00een tot ceea ce facem!\u201d<\/em><\/p>\n<p>Decoruri multiple pentru gusturi diverse \u0219i bucate gustoase pentru nun\u021bi remarcabile. Echipa, format\u0103 din buc\u0103tari, cu o mare experien\u021b\u0103 , este m\u00e2ndr\u0103 s\u0103 v\u0103 poat\u0103 oferi meniuri unice, ale c\u0103ror gust fantastic este datorit\u0103 faptului c\u0103 li s-a oferit libertatea deplin\u0103 \u00een a g\u0103ti tradi\u021bional \u0219i a aduce \u0219i influin\u021be moderne \u00een buc\u0103t\u0103ria noastr\u0103.<\/p>\n<p>\u00cen Restaurantul Moldova nunta, cumetria sau evenimentul t\u0103u este pe m\u00e2ini bune. Tot ce ai de f\u0103cut este s\u0103 te bucuri de fiecare moment al s\u0103rb\u0103torii tale.<\/p>\n\n\t\t<\/div>\n\t<\/div>\n<\/div><\/div><\/div><\/div><div class=\"vc_row wpb_row vc_row-fluid\"><div class=\"wpb_column vc_column_container vc_col-sm-12\"><div class=\"vc_column-inner \"><div class=\"wpb_wrapper\"><!-- vc_grid start -->\n<div class=\"vc_grid-container-wrapper vc_clearfix\" >\n\t<div class=\"vc_grid-container vc_clearfix wpb_content_element vc_media_grid\" data-initial-loading-animation=\"zoomIn\" data-vc-grid-settings=\"{&quot;page_id&quot;:114,&quot;style&quot;:&quot;all&quot;,&quot;action&quot;:&quot;vc_get_vc_grid_data&quot;,&quot;shortcode_id&quot;:&quot;{\\&quot;failed_to_get_id\\&quot;:\\&quot;vc_gid:1543590616400-3f84f196-6ffb-4\\&quot;}&quot;,&quot;tag&quot;:&quot;vc_media_grid&quot;}\" data-vc-request=\"https:\/\/restaurantebalti.md\/moldova\/wp-admin\/admin-ajax.php\" data-vc-post-id=\"114\" data-vc-public-nonce=\"e9eeb8886a\">\n\t\t\t<\/div>\n<\/div><!-- vc_grid end -->\n<\/div><\/div><\/div><\/div><div data-vc-full-width=\"true\" data-vc-full-width-init=\"false\" data-vc-stretch-content=\"true\" class=\"vc_row wpb_row vc_row-fluid\"><div class=\"wpb_column vc_column_container vc_col-sm-12\"><div class=\"vc_column-inner \"><div class=\"wpb_wrapper\">\t<!-- Counter Section -->\r\n\t<div class=\"container-fluid no-left-padding no-right-padding counter-section\" style='background-image: url(https:\/\/restaurantebalti.md\/moldova\/wp-content\/uploads\/2018\/11\/header2.png);'>\r\n\t\t<!-- Container -->\r\n\t\t<div class=\"container\">\r\n\t\t\t\t\t\t\t<!-- Section Header -->\r\n\t\t\t\t<div class=\"section-header text-center\">\r\n\t\t\t\t\t<h3>Noi \u00een cifre<\/h3>\t\t\t\t\t\t\t\t\t<\/div><!-- Section Header \/- -->\r\n\t\t\t\t\t\t\t\t<!-- Row -->\r\n\t\t\t\t<div class=\"row\">\r\n\t\t\t\t\t\t\t\t\t\t\t\t<div class=\"col-md-3 col-sm-3 col-xs-6\">\r\n\t\t\t\t\t\t\t\t<div class=\"counter-box\">\r\n\t\t\t\t\t\t\t\t\t\t\t\t\t\t\t\t\t\t<span class=\"count\" id=\"statistics_count-1\" data-statistics_percent=\"16\"> &nbsp;<\/span>\r\n\t\t\t\t\t\t\t\t\t<h6>ani experien\u0163\u0103<\/h6>\t\t\t\t\t\t\t\t<\/div>\r\n\t\t\t\t\t\t\t<\/div>\r\n\t\t\t\t\t\t\t\t\t\t\t\t\t\t<div class=\"col-md-3 col-sm-3 col-xs-6\">\r\n\t\t\t\t\t\t\t\t<div class=\"counter-box\">\r\n\t\t\t\t\t\t\t\t\t\t\t\t\t\t\t\t\t\t<span class=\"count\" id=\"statistics_count-2\" data-statistics_percent=\"46\"> &nbsp;<\/span>\r\n\t\t\t\t\t\t\t\t\t<h6>feluri de bucate<\/h6>\t\t\t\t\t\t\t\t<\/div>\r\n\t\t\t\t\t\t\t<\/div>\r\n\t\t\t\t\t\t\t\t\t\t\t\t\t\t<div class=\"col-md-3 col-sm-3 col-xs-6\">\r\n\t\t\t\t\t\t\t\t<div class=\"counter-box\">\r\n\t\t\t\t\t\t\t\t\t\t\t\t\t\t\t\t\t\t<span class=\"count\" id=\"statistics_count-3\" data-statistics_percent=\"19\"> &nbsp;<\/span>\r\n\t\t\t\t\t\t\t\t\t<h6>buc\u0103tari<\/h6>\t\t\t\t\t\t\t\t<\/div>\r\n\t\t\t\t\t\t\t<\/div>\r\n\t\t\t\t\t\t\t\t\t\t\t\t\t\t<div class=\"col-md-3 col-sm-3 col-xs-6\">\r\n\t\t\t\t\t\t\t\t<div class=\"counter-box\">\r\n\t\t\t\t\t\t\t\t\t\t\t\t\t\t\t\t\t\t<span class=\"count\" id=\"statistics_count-4\" data-statistics_percent=\"7320\"> &nbsp;<\/span>\r\n\t\t\t\t\t\t\t\t\t<h6>clien\u0163i servi\u0163i<\/h6>\t\t\t\t\t\t\t\t<\/div>\r\n\t\t\t\t\t\t\t<\/div>\r\n\t\t\t\t\t\t\t\t\t\t\t<\/div><!-- Row \/- -->\r\n\t\t\t\t\t\t<\/div><!-- Container \/- -->\r\n\t<\/div><!-- Counter Section \/- -->\r\n\t<div class=\"clearfix\"><\/div>\r\n\t\r\n\t<\/div><\/div><\/div><\/div><div class=\"vc_row-full-width vc_clearfix\"><\/div><div class=\"vc_row wpb_row vc_row-fluid\"><div class=\"wpb_column vc_column_container vc_col-sm-12\"><div class=\"vc_column-inner \"><div class=\"wpb_wrapper\">\t\t<!-- Gallery Section -->\r\n\t\t<div class=\"container-fluid no-padding gallery-section gallery-page\">\r\n\t\t\t<!-- Container -->\r\n\t\t\t<div class=\"container\">\r\n\t\t\t\t<!-- Section Header -->\r\n\t\t\t\t<div class=\"section-header text-center\">\r\n\t\t\t\t\t<h3>Galerie Evenimente<\/h3>\t\t\t\t\t\t\t\t\t<\/div><!-- Section Header \/- -->\r\n\t\t\t\t<div class=\"gallery-category\">\r\n\t\t\t\t\t<ul id=\"filters\">\r\n\t\t\t\t\t\t<li><a data-filter=\"*\" class=\"active\" href=\"#\" title=\"All\">All<\/a><\/li>\r\n\t\t\t\t\t\t\t\t\t\t\t\t\t\t\t<li><a data-filter=\".cum\u0103trii\" href=\"#\" title=\"Cum\u0103trii\">Cum\u0103trii<\/a><\/li>\r\n\t\t\t\t\t\t\t\t\t\t\t\t\t\t\t\t\t\t<li><a data-filter=\".nun\u021bi\" href=\"#\" title=\"Nun\u021bi\">Nun\u021bi<\/a><\/li>\r\n\t\t\t\t\t\t\t\t\t\t\t\t\t\t\t\t\t\t<li><a data-filter=\".sarbatori-tematice\" href=\"#\" title=\"Sarbatori tematice\">Sarbatori tematice<\/a><\/li>\r\n\t\t\t\t\t\t\t\t\t\t\t\t\t\t<\/ul>\r\n\t\t\t\t<\/div>\r\n\t\t\t\t<!-- Row -->\r\n\t\t\t\t<div class=\"row\">\r\n\t\t\t\t\t<div class=\"gallery-list gallery-fitrow\">\r\n\t\t\t\t\t\t\t\t\t\t\t\t\t\t<div class=\"gallery-box col-md-3 col-sm-4 col-xs-4 sarbatori-tematice\">\r\n\t\t\t\t\t\t\t\t\t\t\t\t\t\t\t\t\t\t\t\t<a class=\"zoom-in\" href=\"https:\/\/restaurantebalti.md\/moldova\/wp-content\/uploads\/2019\/09\/restaurant_moldova_03.jpg\">\r\n\t\t\t\t\t\t\t\t\t\t\t\t<img loading=\"lazy\" decoding=\"async\" width=\"263\" height=\"289\" src=\"https:\/\/restaurantebalti.md\/moldova\/wp-content\/uploads\/2019\/09\/restaurant_moldova_03-263x289.jpg\" class=\"attachment-maxrestaurant_263_289 size-maxrestaurant_263_289 wp-post-image\" alt=\"sala de banchete balti\" \/>\t\t\t\t\t\t\t\t\t\t\t<\/a>\r\n\t\t\t\t\t\t\t\t\t\t\t\t\t\t\t\t\t\t\t<\/div>\r\n\t\t\t\t\t\t\t\t\t\t\t\t\t\t\t\t<div class=\"gallery-box col-md-3 col-sm-4 col-xs-4 sarbatori-tematice\">\r\n\t\t\t\t\t\t\t\t\t\t\t\t\t\t\t\t\t\t\t\t<a class=\"zoom-in\" href=\"https:\/\/restaurantebalti.md\/moldova\/wp-content\/uploads\/2019\/09\/restaurant_moldova_04-1.jpg\">\r\n\t\t\t\t\t\t\t\t\t\t\t\t<img loading=\"lazy\" decoding=\"async\" width=\"263\" height=\"289\" src=\"https:\/\/restaurantebalti.md\/moldova\/wp-content\/uploads\/2019\/09\/restaurant_moldova_04-1-263x289.jpg\" class=\"attachment-maxrestaurant_263_289 size-maxrestaurant_263_289 wp-post-image\" alt=\"sala de banchete balti\" \/>\t\t\t\t\t\t\t\t\t\t\t<\/a>\r\n\t\t\t\t\t\t\t\t\t\t\t\t\t\t\t\t\t\t\t<\/div>\r\n\t\t\t\t\t\t\t\t\t\t\t\t\t\t\t\t<div class=\"gallery-box col-md-3 col-sm-4 col-xs-4 sarbatori-tematice\">\r\n\t\t\t\t\t\t\t\t\t\t\t\t\t\t\t\t\t\t\t\t<a class=\"zoom-in\" href=\"https:\/\/restaurantebalti.md\/moldova\/wp-content\/uploads\/2019\/09\/restaurant_moldova_02-1.jpg\">\r\n\t\t\t\t\t\t\t\t\t\t\t\t<img loading=\"lazy\" decoding=\"async\" width=\"263\" height=\"289\" src=\"https:\/\/restaurantebalti.md\/moldova\/wp-content\/uploads\/2019\/09\/restaurant_moldova_02-1-263x289.jpg\" class=\"attachment-maxrestaurant_263_289 size-maxrestaurant_263_289 wp-post-image\" alt=\"sala de banchete balti\" \/>\t\t\t\t\t\t\t\t\t\t\t<\/a>\r\n\t\t\t\t\t\t\t\t\t\t\t\t\t\t\t\t\t\t\t<\/div>\r\n\t\t\t\t\t\t\t\t\t\t\t\t\t\t\t\t<div class=\"gallery-box col-md-3 col-sm-4 col-xs-4 sarbatori-tematice\">\r\n\t\t\t\t\t\t\t\t\t\t\t\t\t\t\t\t\t\t\t\t<a class=\"zoom-in\" href=\"https:\/\/restaurantebalti.md\/moldova\/wp-content\/uploads\/2019\/09\/restaurant_moldova_01-1.jpg\">\r\n\t\t\t\t\t\t\t\t\t\t\t\t<img loading=\"lazy\" decoding=\"async\" width=\"263\" height=\"289\" src=\"https:\/\/restaurantebalti.md\/moldova\/wp-content\/uploads\/2019\/09\/restaurant_moldova_01-1-263x289.jpg\" class=\"attachment-maxrestaurant_263_289 size-maxrestaurant_263_289 wp-post-image\" alt=\"sala de banchete balti\" \/>\t\t\t\t\t\t\t\t\t\t\t<\/a>\r\n\t\t\t\t\t\t\t\t\t\t\t\t\t\t\t\t\t\t\t<\/div>\r\n\t\t\t\t\t\t\t\t\t\t\t\t\t\t\t\t<div class=\"gallery-box col-md-3 col-sm-4 col-xs-4 nun\u021bi\">\r\n\t\t\t\t\t\t\t\t\t\t\t\t\t\t\t\t\t\t\t\t<a class=\"zoom-in\" href=\"https:\/\/restaurantebalti.md\/moldova\/wp-content\/uploads\/2019\/09\/restaurant_moldova_23.jpg\">\r\n\t\t\t\t\t\t\t\t\t\t\t\t<img loading=\"lazy\" decoding=\"async\" width=\"263\" height=\"289\" src=\"https:\/\/restaurantebalti.md\/moldova\/wp-content\/uploads\/2019\/09\/restaurant_moldova_23-263x289.jpg\" class=\"attachment-maxrestaurant_263_289 size-maxrestaurant_263_289 wp-post-image\" alt=\"sala de nunti balti\" \/>\t\t\t\t\t\t\t\t\t\t\t<\/a>\r\n\t\t\t\t\t\t\t\t\t\t\t\t\t\t\t\t\t\t\t<\/div>\r\n\t\t\t\t\t\t\t\t\t\t\t\t\t\t\t\t<div class=\"gallery-box col-md-3 col-sm-4 col-xs-4 nun\u021bi\">\r\n\t\t\t\t\t\t\t\t\t\t\t\t\t\t\t\t\t\t\t\t<a class=\"zoom-in\" href=\"https:\/\/restaurantebalti.md\/moldova\/wp-content\/uploads\/2019\/09\/restaurant_moldova_21.jpg\">\r\n\t\t\t\t\t\t\t\t\t\t\t\t<img loading=\"lazy\" decoding=\"async\" width=\"263\" height=\"289\" src=\"https:\/\/restaurantebalti.md\/moldova\/wp-content\/uploads\/2019\/09\/restaurant_moldova_21-263x289.jpg\" class=\"attachment-maxrestaurant_263_289 size-maxrestaurant_263_289 wp-post-image\" alt=\"sala de nunti balti\" \/>\t\t\t\t\t\t\t\t\t\t\t<\/a>\r\n\t\t\t\t\t\t\t\t\t\t\t\t\t\t\t\t\t\t\t<\/div>\r\n\t\t\t\t\t\t\t\t\t\t\t\t\t\t\t\t<div class=\"gallery-box col-md-3 col-sm-4 col-xs-4 nun\u021bi\">\r\n\t\t\t\t\t\t\t\t\t\t\t\t\t\t\t\t\t\t\t\t<a class=\"zoom-in\" href=\"https:\/\/restaurantebalti.md\/moldova\/wp-content\/uploads\/2019\/09\/restaurant_moldova_04.jpg\">\r\n\t\t\t\t\t\t\t\t\t\t\t\t<img loading=\"lazy\" decoding=\"async\" width=\"263\" height=\"289\" src=\"https:\/\/restaurantebalti.md\/moldova\/wp-content\/uploads\/2019\/09\/restaurant_moldova_04-263x289.jpg\" class=\"attachment-maxrestaurant_263_289 size-maxrestaurant_263_289 wp-post-image\" alt=\"sala de nunti balti\" \/>\t\t\t\t\t\t\t\t\t\t\t<\/a>\r\n\t\t\t\t\t\t\t\t\t\t\t\t\t\t\t\t\t\t\t<\/div>\r\n\t\t\t\t\t\t\t\t\t\t\t\t\t\t\t\t<div class=\"gallery-box col-md-3 col-sm-4 col-xs-4 nun\u021bi\">\r\n\t\t\t\t\t\t\t\t\t\t\t\t\t\t\t\t\t\t\t\t<a class=\"zoom-in\" href=\"https:\/\/restaurantebalti.md\/moldova\/wp-content\/uploads\/2019\/09\/restaurant_moldova_05.jpg\">\r\n\t\t\t\t\t\t\t\t\t\t\t\t<img loading=\"lazy\" decoding=\"async\" width=\"263\" height=\"289\" src=\"https:\/\/restaurantebalti.md\/moldova\/wp-content\/uploads\/2019\/09\/restaurant_moldova_05-263x289.jpg\" class=\"attachment-maxrestaurant_263_289 size-maxrestaurant_263_289 wp-post-image\" alt=\"sala de nunti balti\" \/>\t\t\t\t\t\t\t\t\t\t\t<\/a>\r\n\t\t\t\t\t\t\t\t\t\t\t\t\t\t\t\t\t\t\t<\/div>\r\n\t\t\t\t\t\t\t\t\t\t\t\t\t<\/div>\r\n\t\t\t\t<\/div><!-- Row -->\r\n\t\t\t<\/div><!-- Container \/- -->\r\n\t\t<\/div><!-- Gallery Section \/- -->\r\n\t\t<\/div><\/div><\/div><\/div><div data-vc-full-width=\"true\" data-vc-full-width-init=\"false\" data-vc-stretch-content=\"true\" class=\"vc_row wpb_row vc_row-fluid vc_custom_1536574348941 vc_row-has-fill\"><div class=\"wpb_column vc_column_container vc_col-sm-12\"><div class=\"vc_column-inner \"><div class=\"wpb_wrapper\">\t<!-- Testimonial Section -->\r\n\t<div class=\"container-fluid no-left-padding no-right-padding testimonial-section\" style='background-image: url(https:\/\/restaurantebalti.md\/moldova\/wp-content\/uploads\/2018\/11\/header3.jpg);'>\r\n\t\t<!-- Container -->\r\n\t\t<div class=\"container\">\r\n\t\t\t\t\t\t\t\t<!-- Section Header -->\r\n\t\t\t\t\t<div class=\"section-header text-center\">\r\n\t\t\t\t\t\t<h3>Testimoniale<\/h3>\t\t\t\t\t\t<h4>Ce spun clien\u021bii despre noi?<\/h4>\t\t\t\t\t<\/div><!-- Section Header \/- -->\r\n\t\t\t\t\t\t\t\t\t\t<div class=\"row\">\r\n\t\t\t\t\t\t<div class=\"col-md-offset-3 col-md-6 col-sm-offset-2 col-sm-8 col-xs-offset-1 col-xs-10 text-center\">\r\n\t\t\t\t\t\t\t<div id=\"testimonial-carousel\" class=\"carousel slide\" data-ride=\"carousel\">\r\n\t\t\t\t\t\t\t\t<!-- Wrapper for slides -->\r\n\t\t\t\t\t\t\t\t<div class=\"carousel-inner\" role=\"listbox\">\r\n\t\t\t\t\t\t\t\t\t\t\t\t\t\t\t\t\t\t\t<div class=\"item active\">\r\n\t\t\t\t\t\t\t\t\t\t\t<p>\u0412\u0435\u0447\u0435\u0440 \u0443\u0434\u0430\u043b\u0441\u044f, \u0431\u044b\u043b\u043e \u043e\u0447\u0435\u043d\u044c \u044d\u043c\u043e\u0446\u0438\u043e\u043d\u0430\u043b\u044c\u043d\u043e \u0442\u0435\u043f\u043b\u043e \u0438 \u043f\u043e \u043d\u0430\u0441\u0442\u043e\u044f\u0449\u0435\u043c\u0443 \u0432\u0435\u0441\u0435\u043b\u043e)<\/p>\n\t\t\t\t\t\t\t\t\t\t\t<i><i class=\"fa fa-quote-left\" aria-hidden=\"true\"><\/i><\/i>\r\n\t\t\t\t\t\t\t\t\t\t\t<h5>- Veaceslav Popovici, Traveller<\/h5>\t\t\t\t\t\t\t\t\t\t<\/div>\r\n\t\t\t\t\t\t\t\t\t\t\t\t\t\t\t\t\t\t\t\t<div class=\"item\">\r\n\t\t\t\t\t\t\t\t\t\t\t<p>\u0412 \u044d\u0442\u043e\u043c \u041c\u0438\u043b\u043e\u043c \u0438 \u0443\u044e\u0442\u043d\u043e\u043c \u0437\u0430\u0432\u0435\u0434\u0435\u043d\u0438\u0438 \u043c\u043e\u0436\u043d\u043e \u043f\u0440\u0435\u043a\u0440\u0430\u0441\u043d\u043e \u043f\u0440\u043e\u0432\u0435\u0441\u0442\u0438 \u0432\u0440\u0435\u043c\u044f \u0441 \u043a\u043e\u043c\u043f\u0430\u043d\u0438\u044f\u043c \u0438\u043b\u0438 \u0441 \u043b\u044e\u0431\u0438\u043c\u044b\u043c \u0447\u0435\u043b\u043e\u0432\u0435\u043a\u043e\u043c \u043a\u0443\u0445\u043d\u044f \u043f\u0440\u043e\u0441\u0442\u043e \u043e\u0447\u0435\u043d\u044c \u0432\u043a\u0443\u0441\u043d\u0430\u044f.<\/p>\n\t\t\t\t\t\t\t\t\t\t\t<i><i class=\"fa fa-quote-left\" aria-hidden=\"true\"><\/i><\/i>\r\n\t\t\t\t\t\t\t\t\t\t\t<h5>- Andrei P\u0103duraru <\/h5>\t\t\t\t\t\t\t\t\t\t<\/div>\r\n\t\t\t\t\t\t\t\t\t\t\t\t\t\t\t\t\t\t\t\t<div class=\"item\">\r\n\t\t\t\t\t\t\t\t\t\t\t<p>\u041e\u0442\u043b\u0438\u0447\u043d\u043e\u0435 \u043c\u0435\u0441\u0442\u043e \u0438\u0434\u0435\u0430\u043b\u044c\u043d\u043e \u043f\u043e\u0434\u0445\u043e\u0434\u0438\u0442 \u043a\u0430\u043a \u0434\u043b\u044f \u043f\u043e\u0441\u0438\u0434\u0435\u043b\u043e\u043a \u0432 \u043e\u0434\u0438\u043d\u043e\u0447\u0435\u0441\u0442\u0432\u0435 \u0442\u0430\u043a \u0438 \u0434\u043b\u044f \u043f\u0440\u043e\u0432\u0435\u0434\u0435\u043d\u0438\u044f \u0432\u0435\u0441\u0451\u043b\u043e\u0433\u043e \u0432\u0435\u0447\u0435\u0440\u0430 \u0432 \u043a\u043e\u043c\u043f\u0430\u043d\u0438\u0438 \u043f\u0440\u043e\u0432\u0435\u0440\u0435\u043d\u043e \u043b\u0438\u0447\u043d\u043e.<\/p>\n\t\t\t\t\t\t\t\t\t\t\t<i><i class=\"fa fa-quote-left\" aria-hidden=\"true\"><\/i><\/i>\r\n\t\t\t\t\t\t\t\t\t\t\t<h5>- Parascovia Cara<\/h5>\t\t\t\t\t\t\t\t\t\t<\/div>\r\n\t\t\t\t\t\t\t\t\t\t\t\t\t\t\t\t\t\t<\/div>\r\n\t\t\t\t\t\t\t\t<!-- Indicators -->\r\n\t\t\t\t\t\t\t\t<ol class=\"carousel-indicators\">\r\n\t\t\t\t\t\t\t\t\t\t\t\t\t\t\t\t\t\t\t<li data-target=\"#testimonial-carousel\" data-slide-to=\"0\"  class=\"active\"><\/li>\r\n\t\t\t\t\t\t\t\t\t\t\t\t\t\t\t\t\t\t\t\t<li data-target=\"#testimonial-carousel\" data-slide-to=\"1\" ><\/li>\r\n\t\t\t\t\t\t\t\t\t\t\t\t\t\t\t\t\t\t\t\t<li data-target=\"#testimonial-carousel\" data-slide-to=\"2\" ><\/li>\r\n\t\t\t\t\t\t\t\t\t\t\t\t\t\t\t\t\t\t<\/ol>\r\n\t\t\t\t\t\t\t<\/div>\r\n\t\t\t\t\t\t<\/div>\r\n\t\t\t\t\t<\/div>\r\n\t\t\t\t\t\t\t<\/div><!-- Container \/- -->\r\n\t<\/div><!-- Testimonial Section \/- -->\r\n\t<div class=\"clearfix\"><\/div>\r\n\t<\/div><\/div><\/div><\/div><div class=\"vc_row-full-width vc_clearfix\"><\/div>\n","protected":false},"excerpt":{"rendered":"","protected":false},"author":1,"featured_media":0,"parent":0,"menu_order":0,"comment_status":"closed","ping_status":"closed","template":"","meta":{"footnotes":""},"yoast_head":"<!-- This site is optimized with the Yoast SEO plugin v21.5 - https:\/\/yoast.com\/wordpress\/plugins\/seo\/ -->\n<title>Despre noi - Restaurant MOLDOVA B\u0103l\u021bi<\/title>\n<meta name=\"robots\" content=\"index, follow, max-snippet:-1, max-image-preview:large, max-video-preview:-1\" \/>\n<link rel=\"canonical\" href=\"https:\/\/restaurantebalti.md\/moldova\/despre-noi\/\" \/>\n<meta property=\"og:locale\" content=\"ro_RO\" \/>\n<meta property=\"og:type\" content=\"article\" \/>\n<meta property=\"og:title\" content=\"Despre noi - Restaurant MOLDOVA B\u0103l\u021bi\" \/>\n<meta property=\"og:url\" content=\"https:\/\/restaurantebalti.md\/moldova\/despre-noi\/\" \/>\n<meta property=\"og:site_name\" content=\"Restaurant MOLDOVA B\u0103l\u021bi\" \/>\n<meta property=\"article:modified_time\" content=\"2018-11-30T15:10:57+00:00\" \/>\n<meta name=\"twitter:card\" content=\"summary_large_image\" \/>\n<meta name=\"twitter:label1\" content=\"Timp estimat pentru citire\" \/>\n\t<meta name=\"twitter:data1\" content=\"1 minut\" \/>\n<script type=\"application\/ld+json\" class=\"yoast-schema-graph\">{\"@context\":\"https:\/\/schema.org\",\"@graph\":[{\"@type\":\"WebPage\",\"@id\":\"https:\/\/restaurantebalti.md\/moldova\/ru\/despre-noi\/\",\"url\":\"https:\/\/restaurantebalti.md\/moldova\/ru\/despre-noi\/\",\"name\":\"Despre noi - Restaurant MOLDOVA B\u0103l\u021bi\",\"isPartOf\":{\"@id\":\"https:\/\/restaurantebalti.md\/moldova\/#website\"},\"datePublished\":\"2017-01-27T04:56:21+00:00\",\"dateModified\":\"2018-11-30T15:10:57+00:00\",\"breadcrumb\":{\"@id\":\"https:\/\/restaurantebalti.md\/moldova\/ru\/despre-noi\/#breadcrumb\"},\"inLanguage\":\"ro-RO\",\"potentialAction\":[{\"@type\":\"ReadAction\",\"target\":[\"https:\/\/restaurantebalti.md\/moldova\/ru\/despre-noi\/\"]}]},{\"@type\":\"BreadcrumbList\",\"@id\":\"https:\/\/restaurantebalti.md\/moldova\/ru\/despre-noi\/#breadcrumb\",\"itemListElement\":[{\"@type\":\"ListItem\",\"position\":1,\"name\":\"Prima pagin\u0103\",\"item\":\"https:\/\/restaurantebalti.md\/moldova\/\"},{\"@type\":\"ListItem\",\"position\":2,\"name\":\"Despre noi\"}]},{\"@type\":\"WebSite\",\"@id\":\"https:\/\/restaurantebalti.md\/moldova\/#website\",\"url\":\"https:\/\/restaurantebalti.md\/moldova\/\",\"name\":\"Restaurant MOLDOVA B\u0103l\u021bi\",\"description\":\"\",\"publisher\":{\"@id\":\"https:\/\/restaurantebalti.md\/moldova\/#organization\"},\"potentialAction\":[{\"@type\":\"SearchAction\",\"target\":{\"@type\":\"EntryPoint\",\"urlTemplate\":\"https:\/\/restaurantebalti.md\/moldova\/?s={search_term_string}\"},\"query-input\":\"required name=search_term_string\"}],\"inLanguage\":\"ro-RO\"},{\"@type\":\"Organization\",\"@id\":\"https:\/\/restaurantebalti.md\/moldova\/#organization\",\"name\":\"Restaurant MOLDOVA B\u0103l\u021bi\",\"url\":\"https:\/\/restaurantebalti.md\/moldova\/\",\"logo\":{\"@type\":\"ImageObject\",\"inLanguage\":\"ro-RO\",\"@id\":\"https:\/\/restaurantebalti.md\/moldova\/#\/schema\/logo\/image\/\",\"url\":\"https:\/\/restaurantebalti.md\/moldova\/wp-content\/uploads\/2020\/01\/moldovalogopatrat.png\",\"contentUrl\":\"https:\/\/restaurantebalti.md\/moldova\/wp-content\/uploads\/2020\/01\/moldovalogopatrat.png\",\"width\":1248,\"height\":1248,\"caption\":\"Restaurant MOLDOVA B\u0103l\u021bi\"},\"image\":{\"@id\":\"https:\/\/restaurantebalti.md\/moldova\/#\/schema\/logo\/image\/\"}}]}<\/script>\n<!-- \/ Yoast SEO plugin. -->","yoast_head_json":{"title":"Despre noi - Restaurant MOLDOVA B\u0103l\u021bi","robots":{"index":"index","follow":"follow","max-snippet":"max-snippet:-1","max-image-preview":"max-image-preview:large","max-video-preview":"max-video-preview:-1"},"canonical":"https:\/\/restaurantebalti.md\/moldova\/despre-noi\/","og_locale":"ro_RO","og_type":"article","og_title":"Despre noi - Restaurant MOLDOVA B\u0103l\u021bi","og_url":"https:\/\/restaurantebalti.md\/moldova\/despre-noi\/","og_site_name":"Restaurant MOLDOVA B\u0103l\u021bi","article_modified_time":"2018-11-30T15:10:57+00:00","twitter_card":"summary_large_image","twitter_misc":{"Timp estimat pentru citire":"1 minut"},"schema":{"@context":"https:\/\/schema.org","@graph":[{"@type":"WebPage","@id":"https:\/\/restaurantebalti.md\/moldova\/ru\/despre-noi\/","url":"https:\/\/restaurantebalti.md\/moldova\/ru\/despre-noi\/","name":"Despre noi - Restaurant MOLDOVA B\u0103l\u021bi","isPartOf":{"@id":"https:\/\/restaurantebalti.md\/moldova\/#website"},"datePublished":"2017-01-27T04:56:21+00:00","dateModified":"2018-11-30T15:10:57+00:00","breadcrumb":{"@id":"https:\/\/restaurantebalti.md\/moldova\/ru\/despre-noi\/#breadcrumb"},"inLanguage":"ro-RO","potentialAction":[{"@type":"ReadAction","target":["https:\/\/restaurantebalti.md\/moldova\/ru\/despre-noi\/"]}]},{"@type":"BreadcrumbList","@id":"https:\/\/restaurantebalti.md\/moldova\/ru\/despre-noi\/#breadcrumb","itemListElement":[{"@type":"ListItem","position":1,"name":"Prima pagin\u0103","item":"https:\/\/restaurantebalti.md\/moldova\/"},{"@type":"ListItem","position":2,"name":"Despre noi"}]},{"@type":"WebSite","@id":"https:\/\/restaurantebalti.md\/moldova\/#website","url":"https:\/\/restaurantebalti.md\/moldova\/","name":"Restaurant MOLDOVA B\u0103l\u021bi","description":"","publisher":{"@id":"https:\/\/restaurantebalti.md\/moldova\/#organization"},"potentialAction":[{"@type":"SearchAction","target":{"@type":"EntryPoint","urlTemplate":"https:\/\/restaurantebalti.md\/moldova\/?s={search_term_string}"},"query-input":"required name=search_term_string"}],"inLanguage":"ro-RO"},{"@type":"Organization","@id":"https:\/\/restaurantebalti.md\/moldova\/#organization","name":"Restaurant MOLDOVA B\u0103l\u021bi","url":"https:\/\/restaurantebalti.md\/moldova\/","logo":{"@type":"ImageObject","inLanguage":"ro-RO","@id":"https:\/\/restaurantebalti.md\/moldova\/#\/schema\/logo\/image\/","url":"https:\/\/restaurantebalti.md\/moldova\/wp-content\/uploads\/2020\/01\/moldovalogopatrat.png","contentUrl":"https:\/\/restaurantebalti.md\/moldova\/wp-content\/uploads\/2020\/01\/moldovalogopatrat.png","width":1248,"height":1248,"caption":"Restaurant MOLDOVA B\u0103l\u021bi"},"image":{"@id":"https:\/\/restaurantebalti.md\/moldova\/#\/schema\/logo\/image\/"}}]}},"_links":{"self":[{"href":"https:\/\/restaurantebalti.md\/moldova\/wp-json\/wp\/v2\/pages\/114"}],"collection":[{"href":"https:\/\/restaurantebalti.md\/moldova\/wp-json\/wp\/v2\/pages"}],"about":[{"href":"https:\/\/restaurantebalti.md\/moldova\/wp-json\/wp\/v2\/types\/page"}],"author":[{"embeddable":true,"href":"https:\/\/restaurantebalti.md\/moldova\/wp-json\/wp\/v2\/users\/1"}],"replies":[{"embeddable":true,"href":"https:\/\/restaurantebalti.md\/moldova\/wp-json\/wp\/v2\/comments?post=114"}],"version-history":[{"count":52,"href":"https:\/\/restaurantebalti.md\/moldova\/wp-json\/wp\/v2\/pages\/114\/revisions"}],"predecessor-version":[{"id":1078,"href":"https:\/\/restaurantebalti.md\/moldova\/wp-json\/wp\/v2\/pages\/114\/revisions\/1078"}],"wp:attachment":[{"href":"https:\/\/restaurantebalti.md\/moldova\/wp-json\/wp\/v2\/media?parent=114"}],"curies":[{"name":"wp","href":"https:\/\/api.w.org\/{rel}","templated":true}]}}