{"id":122,"date":"2017-01-27T04:53:47","date_gmt":"2017-01-27T04:53:47","guid":{"rendered":"http:\/\/themewisdom.com\/demo\/wpm\/maxrestaurant\/?page_id=122"},"modified":"2020-05-07T14:06:49","modified_gmt":"2020-05-07T11:06:49","slug":"blog","status":"publish","type":"page","link":"https:\/\/restaurantebalti.md\/president\/ru\/blog\/","title":{"rendered":"\u0411\u043b\u043e\u0433"},"content":{"rendered":"<div class=\"vc_row wpb_row vc_row-fluid\"><div class=\"wpb_column vc_column_container vc_col-sm-12\"><div class=\"vc_column-inner\"><div class=\"wpb_wrapper\">\t\t\t<div class=\"blog-listing\">\r\n\t\t\t\t<article id=\"post-175\" class=\"post-175 post type-post status-publish format-standard has-post-thumbnail hentry category-blog\">\r\n\t\t\t\t<div class=\"entry-cover\">\r\n\r\n\t\t\t\r\n\t\t\t\r\n\t\t\t\r\n\t\t\t\t\t\t\t\t<a href=\"https:\/\/restaurantebalti.md\/president\/ru\/decor-si-efecte-speciale\/\" class=\"post-thumbnail\"><img loading=\"lazy\" decoding=\"async\" width=\"960\" height=\"639\" src=\"https:\/\/restaurantebalti.md\/president\/wp-content\/uploads\/2017\/01\/decor.jpg\" class=\"attachment-full size-full wp-post-image\" alt=\"\" srcset=\"https:\/\/restaurantebalti.md\/president\/wp-content\/uploads\/2017\/01\/decor.jpg 960w, https:\/\/restaurantebalti.md\/president\/wp-content\/uploads\/2017\/01\/decor-300x200.jpg 300w, https:\/\/restaurantebalti.md\/president\/wp-content\/uploads\/2017\/01\/decor-768x511.jpg 768w, https:\/\/restaurantebalti.md\/president\/wp-content\/uploads\/2017\/01\/decor-600x399.jpg 600w\" sizes=\"(max-width: 960px) 100vw, 960px\" \/><\/a>\r\n\t\t\t\t\t\t\t<\/div>\r\n\t\t\r\n\t<div class=\"entry-content\">\r\n\t\t<div class=\"post-date\">\r\n\t\t\t<a href=\"https:\/\/restaurantebalti.md\/president\/ru\/decor-si-efecte-speciale\/\"> 16<span>\u0410\u0432\u0433\u0443\u0441\u0442<\/span><\/a>\r\n\t\t\t\t\t\t\t<\/div>\r\n\t\t<h3 class=\"entry-title\"><a href=\"https:\/\/restaurantebalti.md\/president\/ru\/decor-si-efecte-speciale\/\" rel=\"bookmark\">DECOR \u0218I EFECTE SPECIALE<\/a><\/h3>\t\t<div class=\"entry-meta\">\r\n\t\t\t<span class=\"post-date\">\r\n\t\t\t\t<i class=\"fa fa-clock-o\"><\/i>\r\n\t\t\t\tPosted\t\t\t\t\t\t\t\t\t\t<a href=\"https:\/\/restaurantebalti.md\/president\/ru\/decor-si-efecte-speciale\/\">2018,9:52 \u0434\u043f<\/a>\r\n\t\t\t\t\t\t\t\t\t<\/span>\r\n\t\t\t\t\t<\/div>\r\n\t\t<p>V\u0103 ofer\u0103 o gam\u0103 larg\u0103 de \u00a0stiluri \u00a0\u0219i \u00a0culori \u00a0pentru decora\u021bii inedite, ce implic\u0103 o varietate nelimitat\u0103 de combina\u021bii. Designerii no\u0219tri \u00eentotdeauna vin cu nova\u021bii \u0219i tendin\u021bele prezentului \u00een domeniu. Inclusiv punem la di [...]<\/p>\n\t\t\t\t<a href=\"https:\/\/restaurantebalti.md\/president\/ru\/decor-si-efecte-speciale\/\" title=\"Read More\">\r\n\t\t\t\t\tRead More\t\t\t\t<\/a>\r\n\t\t\t\t\t<\/div>\r\n\t<\/article><article id=\"post-171\" class=\"post-171 post type-post status-publish format-standard has-post-thumbnail hentry category-blog\">\r\n\t\t\t\t<div class=\"entry-cover\">\r\n\r\n\t\t\t\r\n\t\t\t\r\n\t\t\t\r\n\t\t\t\t\t\t\t\t<a href=\"https:\/\/restaurantebalti.md\/president\/ru\/perfect-pentru-evenimente\/\" class=\"post-thumbnail\"><img loading=\"lazy\" decoding=\"async\" width=\"960\" height=\"639\" src=\"https:\/\/restaurantebalti.md\/president\/wp-content\/uploads\/2017\/01\/perfectpentruevenimente.jpg\" class=\"attachment-full size-full wp-post-image\" alt=\"\" srcset=\"https:\/\/restaurantebalti.md\/president\/wp-content\/uploads\/2017\/01\/perfectpentruevenimente.jpg 960w, https:\/\/restaurantebalti.md\/president\/wp-content\/uploads\/2017\/01\/perfectpentruevenimente-300x200.jpg 300w, https:\/\/restaurantebalti.md\/president\/wp-content\/uploads\/2017\/01\/perfectpentruevenimente-768x511.jpg 768w, https:\/\/restaurantebalti.md\/president\/wp-content\/uploads\/2017\/01\/perfectpentruevenimente-600x399.jpg 600w\" sizes=\"(max-width: 960px) 100vw, 960px\" \/><\/a>\r\n\t\t\t\t\t\t\t<\/div>\r\n\t\t\r\n\t<div class=\"entry-content\">\r\n\t\t<div class=\"post-date\">\r\n\t\t\t<a href=\"https:\/\/restaurantebalti.md\/president\/ru\/perfect-pentru-evenimente\/\"> 14<span>\u0410\u0432\u0433\u0443\u0441\u0442<\/span><\/a>\r\n\t\t\t\t\t\t\t<\/div>\r\n\t\t<h3 class=\"entry-title\"><a href=\"https:\/\/restaurantebalti.md\/president\/ru\/perfect-pentru-evenimente\/\" rel=\"bookmark\">PERFECT PENTRU EVENIMENTE<\/a><\/h3>\t\t<div class=\"entry-meta\">\r\n\t\t\t<span class=\"post-date\">\r\n\t\t\t\t<i class=\"fa fa-clock-o\"><\/i>\r\n\t\t\t\tPosted\t\t\t\t\t\t\t\t\t\t<a href=\"https:\/\/restaurantebalti.md\/president\/ru\/perfect-pentru-evenimente\/\">2018,9:51 \u0434\u043f<\/a>\r\n\t\t\t\t\t\t\t\t\t<\/span>\r\n\t\t\t\t\t<\/div>\r\n\t\t<p>Restaurantele President, Moldova, Oscar \u0219i Noroc sunt unice \u00een or. B\u0103l\u021bi \u0219i ofer\u0103 posibilitatea fiecaruia s\u0103-\u0219i s\u0103rb\u0103toreasc\u0103 evenimentele\u00a0de orice tip, de orice m\u0103rime cu orice buget. Ofer\u0103 s\u0103li cu o variatie foarte mare de [...]<\/p>\n\t\t\t\t<a href=\"https:\/\/restaurantebalti.md\/president\/ru\/perfect-pentru-evenimente\/\" title=\"Read More\">\r\n\t\t\t\t\tRead More\t\t\t\t<\/a>\r\n\t\t\t\t\t<\/div>\r\n\t<\/article><article id=\"post-546\" class=\"post-546 post type-post status-publish format-standard has-post-thumbnail hentry category-blog\">\r\n\t\t\t\t<div class=\"entry-cover\">\r\n\r\n\t\t\t\r\n\t\t\t\r\n\t\t\t\r\n\t\t\t\t\t\t\t\t<a href=\"https:\/\/restaurantebalti.md\/president\/ru\/originalitate-si-gust-in-bucate\/\" class=\"post-thumbnail\"><img loading=\"lazy\" decoding=\"async\" width=\"960\" height=\"639\" src=\"https:\/\/restaurantebalti.md\/president\/wp-content\/uploads\/2018\/09\/originalitate.jpg\" class=\"attachment-full size-full wp-post-image\" alt=\"\" srcset=\"https:\/\/restaurantebalti.md\/president\/wp-content\/uploads\/2018\/09\/originalitate.jpg 960w, https:\/\/restaurantebalti.md\/president\/wp-content\/uploads\/2018\/09\/originalitate-300x200.jpg 300w, https:\/\/restaurantebalti.md\/president\/wp-content\/uploads\/2018\/09\/originalitate-768x511.jpg 768w, https:\/\/restaurantebalti.md\/president\/wp-content\/uploads\/2018\/09\/originalitate-600x399.jpg 600w\" sizes=\"(max-width: 960px) 100vw, 960px\" \/><\/a>\r\n\t\t\t\t\t\t\t<\/div>\r\n\t\t\r\n\t<div class=\"entry-content\">\r\n\t\t<div class=\"post-date\">\r\n\t\t\t<a href=\"https:\/\/restaurantebalti.md\/president\/ru\/originalitate-si-gust-in-bucate\/\"> 12<span>\u0410\u0432\u0433\u0443\u0441\u0442<\/span><\/a>\r\n\t\t\t\t\t\t\t<\/div>\r\n\t\t<h3 class=\"entry-title\"><a href=\"https:\/\/restaurantebalti.md\/president\/ru\/originalitate-si-gust-in-bucate\/\" rel=\"bookmark\">ORIGINALITATE \u0218I GUST \u00ceN BUCATE<\/a><\/h3>\t\t<div class=\"entry-meta\">\r\n\t\t\t<span class=\"post-date\">\r\n\t\t\t\t<i class=\"fa fa-clock-o\"><\/i>\r\n\t\t\t\tPosted\t\t\t\t\t\t\t\t\t\t<a href=\"https:\/\/restaurantebalti.md\/president\/ru\/originalitate-si-gust-in-bucate\/\">2018,9:52 \u0434\u043f<\/a>\r\n\t\t\t\t\t\t\t\t\t<\/span>\r\n\t\t\t\t\t<\/div>\r\n\t\t<p>Dac\u0103 dori\u021bi s\u0103 g\u0103si\u021bi o sal\u0103 de banchete \u00een or.B\u0103l\u021bi, \u00eenc\u00e2t pe l\u00e2ng\u0103 confortul \u0219i atmosfera magic\u0103 s\u0103 v\u0103 delecta\u021bi gastric cu \u00a0bucate preg\u0103tite de cei mai iscusi\u021bi buc\u0103tari, Restaurantele President, Moldova, Oscar \u0219i Noroc su [...]<\/p>\n\t\t\t\t<a href=\"https:\/\/restaurantebalti.md\/president\/ru\/originalitate-si-gust-in-bucate\/\" title=\"Read More\">\r\n\t\t\t\t\tRead More\t\t\t\t<\/a>\r\n\t\t\t\t\t<\/div>\r\n\t<\/article>\t\t\t<\/div>\r\n\t\t\t<\/div><\/div><\/div><\/div>","protected":false},"excerpt":{"rendered":"Dac\u0103 dori\u021bi s\u0103 g\u0103si\u021bi o sal\u0103 de banchete \u00een or.B\u0103l\u021bi, \u00eenc\u00e2t pe l\u00e2ng\u0103 confortul \u0219i atmosfera magic\u0103 s\u0103 v\u0103 delecta\u021bi gastric cu \u00a0bucate preg\u0103tite de cei mai iscusi\u021bi buc\u0103tari, Restaurantele President, Moldova, Oscar \u0219i Noroc sunt localurile la care trebuie s\u0103 v\u0103\u00a0\u00eendrepta\u021bi aten\u021bia. Aici\u00a0g\u0103si\u021bi cele mai delicioase bucate,\u00a0cele mai deosebite \u0219i diversificate meniuri.","protected":false},"author":1,"featured_media":0,"parent":0,"menu_order":0,"comment_status":"closed","ping_status":"closed","template":"","meta":{"footnotes":""},"yoast_head":"<!-- This site is optimized with the Yoast SEO plugin v21.5 - https:\/\/yoast.com\/wordpress\/plugins\/seo\/ -->\n<title>Blog - Restaurant PRESIDENT B\u0103l\u021bi<\/title>\n<meta name=\"robots\" content=\"index, follow, max-snippet:-1, max-image-preview:large, max-video-preview:-1\" \/>\n<link rel=\"canonical\" href=\"https:\/\/restaurantebalti.md\/president\/ru\/blog\/\" \/>\n<meta property=\"og:locale\" content=\"ru_RU\" \/>\n<meta property=\"og:type\" content=\"article\" \/>\n<meta property=\"og:title\" content=\"Blog - Restaurant PRESIDENT B\u0103l\u021bi\" \/>\n<meta property=\"og:url\" content=\"https:\/\/restaurantebalti.md\/president\/ru\/blog\/\" \/>\n<meta property=\"og:site_name\" content=\"Restaurant PRESIDENT B\u0103l\u021bi\" \/>\n<meta property=\"article:modified_time\" content=\"2020-05-07T11:06:49+00:00\" \/>\n<meta name=\"twitter:card\" content=\"summary_large_image\" \/>\n<script type=\"application\/ld+json\" class=\"yoast-schema-graph\">{\"@context\":\"https:\/\/schema.org\",\"@graph\":[{\"@type\":\"WebPage\",\"@id\":\"https:\/\/restaurantebalti.md\/president\/ru\/blog\/\",\"url\":\"https:\/\/restaurantebalti.md\/president\/ru\/blog\/\",\"name\":\"Blog - Restaurant PRESIDENT B\u0103l\u021bi\",\"isPartOf\":{\"@id\":\"https:\/\/restaurantebalti.md\/president\/#website\"},\"datePublished\":\"2017-01-27T04:53:47+00:00\",\"dateModified\":\"2020-05-07T11:06:49+00:00\",\"breadcrumb\":{\"@id\":\"https:\/\/restaurantebalti.md\/president\/ru\/blog\/#breadcrumb\"},\"inLanguage\":\"ru-RU\",\"potentialAction\":[{\"@type\":\"ReadAction\",\"target\":[\"https:\/\/restaurantebalti.md\/president\/ru\/blog\/\"]}]},{\"@type\":\"BreadcrumbList\",\"@id\":\"https:\/\/restaurantebalti.md\/president\/ru\/blog\/#breadcrumb\",\"itemListElement\":[{\"@type\":\"ListItem\",\"position\":1,\"name\":\"Prima pagin\u0103\",\"item\":\"https:\/\/restaurantebalti.md\/president\/\"},{\"@type\":\"ListItem\",\"position\":2,\"name\":\"Blog\"}]},{\"@type\":\"WebSite\",\"@id\":\"https:\/\/restaurantebalti.md\/president\/#website\",\"url\":\"https:\/\/restaurantebalti.md\/president\/\",\"name\":\"Restaurant PRESIDENT B\u0103l\u021bi\",\"description\":\"\",\"publisher\":{\"@id\":\"https:\/\/restaurantebalti.md\/president\/#organization\"},\"potentialAction\":[{\"@type\":\"SearchAction\",\"target\":{\"@type\":\"EntryPoint\",\"urlTemplate\":\"https:\/\/restaurantebalti.md\/president\/?s={search_term_string}\"},\"query-input\":\"required name=search_term_string\"}],\"inLanguage\":\"ru-RU\"},{\"@type\":\"Organization\",\"@id\":\"https:\/\/restaurantebalti.md\/president\/#organization\",\"name\":\"Restaurant PRESIDENT B\u0103l\u021bi\",\"url\":\"https:\/\/restaurantebalti.md\/president\/\",\"logo\":{\"@type\":\"ImageObject\",\"inLanguage\":\"ru-RU\",\"@id\":\"https:\/\/restaurantebalti.md\/president\/#\/schema\/logo\/image\/\",\"url\":\"https:\/\/restaurantebalti.md\/president\/wp-content\/uploads\/2020\/01\/presidentlogopatrat2.png\",\"contentUrl\":\"https:\/\/restaurantebalti.md\/president\/wp-content\/uploads\/2020\/01\/presidentlogopatrat2.png\",\"width\":1248,\"height\":1248,\"caption\":\"Restaurant PRESIDENT B\u0103l\u021bi\"},\"image\":{\"@id\":\"https:\/\/restaurantebalti.md\/president\/#\/schema\/logo\/image\/\"}}]}<\/script>\n<!-- \/ Yoast SEO plugin. -->","yoast_head_json":{"title":"Blog - Restaurant PRESIDENT B\u0103l\u021bi","robots":{"index":"index","follow":"follow","max-snippet":"max-snippet:-1","max-image-preview":"max-image-preview:large","max-video-preview":"max-video-preview:-1"},"canonical":"https:\/\/restaurantebalti.md\/president\/ru\/blog\/","og_locale":"ru_RU","og_type":"article","og_title":"Blog - Restaurant PRESIDENT B\u0103l\u021bi","og_url":"https:\/\/restaurantebalti.md\/president\/ru\/blog\/","og_site_name":"Restaurant PRESIDENT B\u0103l\u021bi","article_modified_time":"2020-05-07T11:06:49+00:00","twitter_card":"summary_large_image","schema":{"@context":"https:\/\/schema.org","@graph":[{"@type":"WebPage","@id":"https:\/\/restaurantebalti.md\/president\/ru\/blog\/","url":"https:\/\/restaurantebalti.md\/president\/ru\/blog\/","name":"Blog - Restaurant PRESIDENT B\u0103l\u021bi","isPartOf":{"@id":"https:\/\/restaurantebalti.md\/president\/#website"},"datePublished":"2017-01-27T04:53:47+00:00","dateModified":"2020-05-07T11:06:49+00:00","breadcrumb":{"@id":"https:\/\/restaurantebalti.md\/president\/ru\/blog\/#breadcrumb"},"inLanguage":"ru-RU","potentialAction":[{"@type":"ReadAction","target":["https:\/\/restaurantebalti.md\/president\/ru\/blog\/"]}]},{"@type":"BreadcrumbList","@id":"https:\/\/restaurantebalti.md\/president\/ru\/blog\/#breadcrumb","itemListElement":[{"@type":"ListItem","position":1,"name":"Prima pagin\u0103","item":"https:\/\/restaurantebalti.md\/president\/"},{"@type":"ListItem","position":2,"name":"Blog"}]},{"@type":"WebSite","@id":"https:\/\/restaurantebalti.md\/president\/#website","url":"https:\/\/restaurantebalti.md\/president\/","name":"Restaurant PRESIDENT B\u0103l\u021bi","description":"","publisher":{"@id":"https:\/\/restaurantebalti.md\/president\/#organization"},"potentialAction":[{"@type":"SearchAction","target":{"@type":"EntryPoint","urlTemplate":"https:\/\/restaurantebalti.md\/president\/?s={search_term_string}"},"query-input":"required name=search_term_string"}],"inLanguage":"ru-RU"},{"@type":"Organization","@id":"https:\/\/restaurantebalti.md\/president\/#organization","name":"Restaurant PRESIDENT B\u0103l\u021bi","url":"https:\/\/restaurantebalti.md\/president\/","logo":{"@type":"ImageObject","inLanguage":"ru-RU","@id":"https:\/\/restaurantebalti.md\/president\/#\/schema\/logo\/image\/","url":"https:\/\/restaurantebalti.md\/president\/wp-content\/uploads\/2020\/01\/presidentlogopatrat2.png","contentUrl":"https:\/\/restaurantebalti.md\/president\/wp-content\/uploads\/2020\/01\/presidentlogopatrat2.png","width":1248,"height":1248,"caption":"Restaurant PRESIDENT B\u0103l\u021bi"},"image":{"@id":"https:\/\/restaurantebalti.md\/president\/#\/schema\/logo\/image\/"}}]}},"_links":{"self":[{"href":"https:\/\/restaurantebalti.md\/president\/ru\/wp-json\/wp\/v2\/pages\/122"}],"collection":[{"href":"https:\/\/restaurantebalti.md\/president\/ru\/wp-json\/wp\/v2\/pages"}],"about":[{"href":"https:\/\/restaurantebalti.md\/president\/ru\/wp-json\/wp\/v2\/types\/page"}],"author":[{"embeddable":true,"href":"https:\/\/restaurantebalti.md\/president\/ru\/wp-json\/wp\/v2\/users\/1"}],"replies":[{"embeddable":true,"href":"https:\/\/restaurantebalti.md\/president\/ru\/wp-json\/wp\/v2\/comments?post=122"}],"version-history":[{"count":5,"href":"https:\/\/restaurantebalti.md\/president\/ru\/wp-json\/wp\/v2\/pages\/122\/revisions"}],"predecessor-version":[{"id":554,"href":"https:\/\/restaurantebalti.md\/president\/ru\/wp-json\/wp\/v2\/pages\/122\/revisions\/554"}],"wp:attachment":[{"href":"https:\/\/restaurantebalti.md\/president\/ru\/wp-json\/wp\/v2\/media?parent=122"}],"curies":[{"name":"wp","href":"https:\/\/api.w.org\/{rel}","templated":true}]}}